{"id":1555,"date":"2023-06-01T18:00:26","date_gmt":"2023-06-01T18:00:26","guid":{"rendered":"https:\/\/cabomayor.carlos-herrera.es\/bungalows-fuer-zwei-personen\/"},"modified":"2024-04-10T09:39:49","modified_gmt":"2024-04-10T09:39:49","slug":"bungalows-fuer-zwei-personen","status":"publish","type":"page","link":"https:\/\/cabomayor.com\/de\/bungalows-fuer-zwei-personen\/","title":{"rendered":"Bungalows f\u00fcr zwei Personen"},"content":{"rendered":"<section class=\"l-section wpb_row height_medium\"><div class=\"l-section-h i-cf\"><div class=\"g-cols vc_row via_grid cols_1 laptops-cols_inherit tablets-cols_inherit mobiles-cols_1 valign_top type_default stacking_default\"><div class=\"wpb_column vc_column_container us_custom_fdcab3db\"><div class=\"vc_column-inner\"><div class=\"w-separator size_custom with_line width_50 thick_1 style_solid color_primary align_center\" style=\"height:\"><div class=\"w-separator-h\"><\/div><\/div><h1 class=\"w-text us_custom_3ec4435b has_text_color\"><span class=\"w-text-h\"><span class=\"w-text-value\">Bungalows f\u00fcr 2 Personen<\/span><\/span><\/h1><div class=\"w-separator size_custom with_line width_50 thick_1 style_solid color_primary align_center\" style=\"height:\"><div class=\"w-separator-h\"><\/div><\/div><div class=\"w-separator size_medium\"><\/div><div class=\"wpb_text_column us_custom_c167d60f has_text_color\"><div class=\"wpb_wrapper\"><p>Die Bungalows f\u00fcr 2 Personen bestehen aus einem Schlafzimmer mit einer kleinen Kochnische, einem Bad mit Dusche und einer m\u00f6blierten Veranda. K\u00fcchenutensilien und Bettw\u00e4sche sind vorhanden (Handt\u00fccher nicht inbegriffen).<\/p>\n<\/div><\/div><div class=\"w-separator size_large\"><\/div><div class=\"g-cols wpb_row via_grid cols_3 laptops-cols_inherit tablets-cols_inherit mobiles-cols_1 valign_top type_default stacking_default\" style=\"--gap:3rem;\"><div class=\"wpb_column vc_column_container us_custom_26f32e5b has_bg_color\"><div class=\"vc_column-inner\"><\/div><\/div><div class=\"wpb_column vc_column_container\"><div class=\"vc_column-inner\"><div class=\"w-grid us_custom_cef78740 type_grid layout_429\" id=\"us_grid_1\" style=\"--gap:1.5rem;\" data-filterable=\"true\"><style>.layout_429 .w-grid-item-h{}.layout_429 .usg_post_image_1{border-radius:8px!important}.layout_429 .usg_post_title_1{color:#004449!important;font-size:18px!important;font-family:Figtree!important;margin-top:10px!important;border-radius:8px!important;border:1px solid #004449!important}@media (min-width:1025px) and (max-width:1380px){.layout_429 .usg_post_image_1{border-radius:8px!important}.layout_429 .usg_post_title_1{color:#004449!important;font-size:18px!important;font-family:Figtree!important;margin-top:10px!important;border-radius:8px!important;border:1px solid #004449!important}}@media (min-width:601px) and (max-width:1024px){.layout_429 .usg_post_image_1{border-radius:8px!important}.layout_429 .usg_post_title_1{color:#004449!important;font-size:18px!important;font-family:Figtree!important;margin-top:10px!important;border-radius:8px!important;border:1px solid #004449!important}}@media (max-width:600px){.layout_429 .usg_post_image_1{border-radius:8px!important}.layout_429 .usg_post_title_1{color:#004449!important;font-size:18px!important;font-family:Figtree!important;margin-top:10px!important;border-radius:8px!important;border:1px solid #004449!important}}<\/style><div class=\"w-grid-list\">\t<article class=\"w-grid-item size_1x1 post-2744 bungalow type-bungalow status-publish has-post-thumbnail hentry tipo_de_bungalow-dos-personas\" data-id=\"2744\">\r\n\t\t<div class=\"w-grid-item-h\">\r\n\t\t\t\t\t\t<div class=\"w-post-elm post_image usg_post_image_1 stretched\"><a href=\"https:\/\/cabomayor.com\/de\/bungalow\/bungalow-fuer-2-personen\/\" aria-label=\"Bungalow f\u00fcr 2 Personen\"><img loading=\"lazy\" decoding=\"async\" width=\"1024\" height=\"683\" src=\"https:\/\/cabomayor.com\/wp-content\/uploads\/2024\/04\/IMG_1205-1-1024x683.jpg\" class=\"attachment-large size-large wp-post-image\" alt=\"\" srcset=\"https:\/\/cabomayor.com\/wp-content\/uploads\/2024\/04\/IMG_1205-1-1024x683.jpg 1024w, https:\/\/cabomayor.com\/wp-content\/uploads\/2024\/04\/IMG_1205-1-300x200.jpg 300w\" sizes=\"auto, (max-width: 1024px) 100vw, 1024px\" \/><\/a><\/div><h2 class=\"w-post-elm post_title usg_post_title_1 has_text_color align_center entry-title color_link_inherit\"><a href=\"https:\/\/cabomayor.com\/de\/bungalow\/bungalow-fuer-2-personen\/\">Bungalow f\u00fcr 2 Personen<\/a><\/h2>\t\t<\/div>\r\n\t<\/article>\r\n<\/div><div class=\"w-grid-preloader\">\t<div class=\"g-preloader type_1\">\r\n\t\t<div><\/div>\r\n\t<\/div>\r\n\t<\/div>\t<div class=\"w-grid-json hidden\" onclick='return {&quot;action&quot;:&quot;us_ajax_grid&quot;,&quot;ajax_url&quot;:&quot;https:\\\/\\\/cabomayor.com\\\/wp-admin\\\/admin-ajax.php&quot;,&quot;infinite_scroll&quot;:0,&quot;max_num_pages&quot;:1,&quot;pagination&quot;:&quot;none&quot;,&quot;template_vars&quot;:{&quot;columns&quot;:&quot;1&quot;,&quot;exclude_items&quot;:&quot;none&quot;,&quot;img_size&quot;:&quot;default&quot;,&quot;ignore_items_size&quot;:0,&quot;items_layout&quot;:&quot;429&quot;,&quot;items_offset&quot;:&quot;1&quot;,&quot;load_animation&quot;:&quot;none&quot;,&quot;overriding_link&quot;:&quot;{\\&quot;url\\&quot;:\\&quot;\\&quot;}&quot;,&quot;post_id&quot;:0,&quot;query_args&quot;:{&quot;post_type&quot;:[&quot;bungalow&quot;],&quot;tax_query&quot;:[{&quot;taxonomy&quot;:&quot;tipo_de_bungalow&quot;,&quot;field&quot;:&quot;slug&quot;,&quot;terms&quot;:[&quot;dos-personas&quot;]}],&quot;post_status&quot;:[&quot;publish&quot;,&quot;acf-disabled&quot;],&quot;posts_per_page&quot;:&quot;10&quot;},&quot;orderby_query_args&quot;:{&quot;orderby&quot;:{&quot;date&quot;:&quot;DESC&quot;}},&quot;type&quot;:&quot;grid&quot;,&quot;us_grid_ajax_index&quot;:1,&quot;us_grid_filter_params&quot;:[],&quot;us_grid_index&quot;:1,&quot;_us_grid_post_type&quot;:&quot;bungalow&quot;,&quot;page_args&quot;:[],&quot;lang&quot;:&quot;de&quot;}}'><\/div>\r\n\t<\/div><\/div><\/div><div class=\"wpb_column vc_column_container us_custom_88e5e243 has_bg_color\"><div class=\"vc_column-inner\"><\/div><\/div><\/div><div class=\"w-separator size_large\"><\/div><div class=\"w-gallery type_grid ratio_1x1 count_2\" style=\"--columns:4;--items-gap:50px;\"><div class=\"w-gallery-list\"><div class=\"w-gallery-item\"><div class=\"w-gallery-item-img\"><img loading=\"lazy\" decoding=\"async\" width=\"683\" height=\"1024\" src=\"https:\/\/cabomayor.com\/wp-content\/uploads\/2023\/06\/IMG_1217-copia-683x1024.jpg\" class=\"attachment-large size-large\" alt=\"\" srcset=\"https:\/\/cabomayor.com\/wp-content\/uploads\/2023\/06\/IMG_1217-copia-683x1024.jpg 683w, https:\/\/cabomayor.com\/wp-content\/uploads\/2023\/06\/IMG_1217-copia-200x300.jpg 200w, https:\/\/cabomayor.com\/wp-content\/uploads\/2023\/06\/IMG_1217-copia-scaled.jpg 1707w\" sizes=\"auto, (max-width: 683px) 100vw, 683px\" \/><\/div><\/div><div class=\"w-gallery-item\"><div class=\"w-gallery-item-img\"><img loading=\"lazy\" decoding=\"async\" width=\"1024\" height=\"683\" src=\"https:\/\/cabomayor.com\/wp-content\/uploads\/2024\/04\/IMG_1216-copia-1-1024x683.jpg\" class=\"attachment-large size-large\" alt=\"\" srcset=\"https:\/\/cabomayor.com\/wp-content\/uploads\/2024\/04\/IMG_1216-copia-1-1024x683.jpg 1024w, https:\/\/cabomayor.com\/wp-content\/uploads\/2024\/04\/IMG_1216-copia-1-300x200.jpg 300w\" sizes=\"auto, (max-width: 1024px) 100vw, 1024px\" \/><\/div><\/div><\/div><\/div><div class=\"w-hwrapper valign_top wrap align_center\"><div class=\"w-popup us_custom_3800a752 w-btn-wrapper align_center\"><button aria-label=\"Buchungs- und Stornierungsbedingungen\" class=\"w-popup-trigger type_btn w-btn us-btn-style_4 icon_atleft\"><i class=\"fas fa-scroll\"><\/i><span class=\"w-btn-label\">Buchungs- und Stornierungsbedingungen<\/span><\/button><div class=\"w-popup-overlay\" style=\"background:rgba(0,0,0,0.85);\"><\/div><div class=\"w-popup-wrap layout_default\" style=\"--title-color:var(--color-content-heading);--title-bg-color:var(--color-header-middle-bg);--content-color:var(--color-content-text);--content-bg-color:var(--color-content-bg);--popup-border-radius:8px;--popup-width:75%;--popup-padding:3%;\"><div class=\"w-popup-box animation_fadeIn closerpos_outside with_title\"><div class=\"w-popup-box-h\"><div class=\"w-popup-box-title\">Buchungs- und Stornierungsbedingungen<\/div><div class=\"w-popup-box-content\"><ol style=\"font-family: Figtree;\">\n<li>Buchungen k\u00f6nnen telefonisch unter +34 942 391 542 vorgenommen werden.<\/li>\n<li>Um eine Reservierung vorzunehmen, verlangt der Campingplatz eine Anzahlung in H\u00f6he des Gesamtbetrags des Aufenthalts per Bank\u00fcberweisung.<\/li>\n<li>Der Mindestaufenthalt in den Monaten Juli und August betr\u00e4gt 3 N\u00e4chte.<\/li>\n<li>Die Kaution wird von der Gesamtrechnung f\u00fcr Ihren Aufenthalt abgezogen.<\/li>\n<li>Bei einer Stornierung der Reservierung 30 Tage oder mehr im Voraus werden 50 % des als Anzahlung geleisteten Betrags einbehalten.<\/li>\n<li>Erfolgt die Stornierung weniger als 30 Tage im Voraus, betr\u00e4gt der Verlust 100% des als Anzahlung geleisteten Betrags. Bei Nichterscheinen am ersten Tag der Buchung wird die Buchung vollst\u00e4ndig storniert.<\/li>\n<li>Der Bungalow wird bei der Ankunft vom Campingplatz zugewiesen.<\/li>\n<li>Die Reservierung ist pers\u00f6nlich und nicht \u00fcbertragbar.<\/li>\n<li>Auch bei Abreise vor dem vereinbarten Abreisetag wird die Gesamtzahl der gebuchten Tage bezahlt.<\/li>\n<li>Die Belegung des Bungalows darf die zul\u00e4ssige H\u00f6chstzahl von Personen nicht \u00fcberschreiten.<\/li>\n<li>Haustiere jeglicher Art sind nicht zugelassen.<\/li>\n<li>Die Check-in-Zeit im Bungalow am Anreisetag ist ab 15:00 Uhr und die Check-out-Zeit am Tag der Beendigung des Aufenthalts ist bis 12:00 Uhr.<\/li>\n<\/ol>\n<\/div><\/div><\/div><div class=\"w-popup-closer\"><\/div><\/div><\/div><div class=\"w-popup w-btn-wrapper align_center\"><button aria-label=\"Anfrage zur Verf\u00fcgbarkeit\" class=\"w-popup-trigger type_btn w-btn us-btn-style_4 icon_atleft\"><i class=\"fas fa-check-square\"><\/i><span class=\"w-btn-label\">Anfrage zur Verf\u00fcgbarkeit<\/span><\/button><div class=\"w-popup-overlay\" style=\"background:rgba(0,0,0,0.85);\"><\/div><div class=\"w-popup-wrap layout_default\" style=\"--title-color:var(--color-content-heading);--title-bg-color:var(--color-header-middle-bg);--content-color:var(--color-content-text);--content-bg-color:var(--color-content-bg);--popup-border-radius:8px;--popup-width:650px;--popup-padding:5%;\"><div class=\"w-popup-box animation_fadeIn closerpos_outside with_title\"><div class=\"w-popup-box-h\"><div class=\"w-popup-box-title\">Anfrage zur Verf\u00fcgbarkeit<\/div><div class=\"w-popup-box-content\"><p>\n<div class=\"wpcf7 no-js\" id=\"wpcf7-f440-o1\" lang=\"es-ES\" dir=\"ltr\" data-wpcf7-id=\"440\">\n<div class=\"screen-reader-response\"><p role=\"status\" aria-live=\"polite\" aria-atomic=\"true\"><\/p> <ul><\/ul><\/div>\n<form action=\"\/de\/wp-json\/wp\/v2\/pages\/1555#wpcf7-f440-o1\" method=\"post\" class=\"wpcf7-form init\" aria-label=\"Formulario de contacto\" novalidate=\"novalidate\" data-status=\"init\">\n<fieldset class=\"hidden-fields-container\"><input type=\"hidden\" name=\"_wpcf7\" value=\"440\" \/><input type=\"hidden\" name=\"_wpcf7_version\" value=\"6.1.4\" \/><input type=\"hidden\" name=\"_wpcf7_locale\" value=\"es_ES\" \/><input type=\"hidden\" name=\"_wpcf7_unit_tag\" value=\"wpcf7-f440-o1\" \/><input type=\"hidden\" name=\"_wpcf7_container_post\" value=\"0\" \/><input type=\"hidden\" name=\"_wpcf7_posted_data_hash\" value=\"\" \/>\n<\/fieldset>\n<p><span class=\"wpcf7-form-control-wrap\" data-name=\"your-name\"><input size=\"40\" maxlength=\"400\" class=\"wpcf7-form-control wpcf7-text wpcf7-validates-as-required\" autocomplete=\"name\" aria-required=\"true\" aria-invalid=\"false\" placeholder=\"Nombre\" value=\"\" type=\"text\" name=\"your-name\" \/><\/span><br \/>\n<span class=\"wpcf7-form-control-wrap\" data-name=\"your-email\"><input size=\"40\" maxlength=\"400\" class=\"wpcf7-form-control wpcf7-email wpcf7-validates-as-required wpcf7-text wpcf7-validates-as-email\" autocomplete=\"email\" aria-required=\"true\" aria-invalid=\"false\" placeholder=\"Email\" value=\"\" type=\"email\" name=\"your-email\" \/><\/span><br \/>\n<span class=\"wpcf7-form-control-wrap\" data-name=\"telefono\"><input size=\"40\" maxlength=\"400\" class=\"wpcf7-form-control wpcf7-tel wpcf7-text wpcf7-validates-as-tel\" aria-invalid=\"false\" placeholder=\"Tel\u00e9fono\" value=\"\" type=\"tel\" name=\"telefono\" \/><\/span><br \/>\n<span class=\"wpcf7-form-control-wrap\" data-name=\"Tipodebungalow\"><select class=\"wpcf7-form-control wpcf7-select wpcf7-validates-as-required\" aria-required=\"true\" aria-invalid=\"false\" name=\"Tipodebungalow\"><option value=\"\">Tipo de bungalow<\/option><option value=\"Dos personas\">Dos personas<\/option><option value=\"Cuatro personas\">Cuatro personas<\/option><\/select><\/span><br \/>\n<span>Fecha de ingreso: <\/span><span class=\"wpcf7-form-control-wrap\" data-name=\"Fechadeingreso\"><input class=\"wpcf7-form-control wpcf7-date wpcf7-validates-as-required wpcf7-validates-as-date\" aria-required=\"true\" aria-invalid=\"false\" value=\"\" type=\"date\" name=\"Fechadeingreso\" \/><\/span><br \/>\n<span> Fecha de salida: <\/span><span class=\"wpcf7-form-control-wrap\" data-name=\"Fechadesalida\"><input class=\"wpcf7-form-control wpcf7-date wpcf7-validates-as-required wpcf7-validates-as-date\" aria-required=\"true\" aria-invalid=\"false\" value=\"\" type=\"date\" name=\"Fechadesalida\" \/><\/span><br \/>\n<span class=\"wpcf7-form-control-wrap\" data-name=\"Mensaje\"><textarea cols=\"40\" rows=\"10\" maxlength=\"2000\" class=\"wpcf7-form-control wpcf7-textarea\" aria-invalid=\"false\" placeholder=\"Mensaje\" name=\"Mensaje\"><\/textarea><\/span>\n<\/p>\n<p><input class=\"wpcf7-form-control wpcf7-submit has-spinner\" type=\"submit\" value=\"Enviar\" \/>\n<\/p><p style=\"display: none !important;\" class=\"akismet-fields-container\" data-prefix=\"_wpcf7_ak_\"><label>&#916;<textarea name=\"_wpcf7_ak_hp_textarea\" cols=\"45\" rows=\"8\" maxlength=\"100\"><\/textarea><\/label><input type=\"hidden\" id=\"ak_js_1\" name=\"_wpcf7_ak_js\" value=\"200\"\/><script>document.getElementById( \"ak_js_1\" ).setAttribute( \"value\", ( new Date() ).getTime() );<\/script><\/p><div class=\"wpcf7-response-output\" aria-hidden=\"true\"><\/div>\n<\/form>\n<\/div>\n<\/p>\n<\/div><\/div><\/div><div class=\"w-popup-closer\"><\/div><\/div><\/div><\/div><div class=\"w-separator size_huge\"><\/div><\/div><\/div><\/div><\/div><\/section>\n","protected":false},"excerpt":{"rendered":"","protected":false},"author":1,"featured_media":0,"parent":0,"menu_order":0,"comment_status":"closed","ping_status":"closed","template":"","meta":{"_acf_changed":false,"footnotes":""},"class_list":["post-1555","page","type-page","status-publish","hentry"],"acf":[],"_links":{"self":[{"href":"https:\/\/cabomayor.com\/de\/wp-json\/wp\/v2\/pages\/1555","targetHints":{"allow":["GET"]}}],"collection":[{"href":"https:\/\/cabomayor.com\/de\/wp-json\/wp\/v2\/pages"}],"about":[{"href":"https:\/\/cabomayor.com\/de\/wp-json\/wp\/v2\/types\/page"}],"author":[{"embeddable":true,"href":"https:\/\/cabomayor.com\/de\/wp-json\/wp\/v2\/users\/1"}],"replies":[{"embeddable":true,"href":"https:\/\/cabomayor.com\/de\/wp-json\/wp\/v2\/comments?post=1555"}],"version-history":[{"count":34,"href":"https:\/\/cabomayor.com\/de\/wp-json\/wp\/v2\/pages\/1555\/revisions"}],"predecessor-version":[{"id":2441,"href":"https:\/\/cabomayor.com\/de\/wp-json\/wp\/v2\/pages\/1555\/revisions\/2441"}],"wp:attachment":[{"href":"https:\/\/cabomayor.com\/de\/wp-json\/wp\/v2\/media?parent=1555"}],"curies":[{"name":"wp","href":"https:\/\/api.w.org\/{rel}","templated":true}]}}