{"id":2788,"date":"2024-05-23T11:02:22","date_gmt":"2024-05-23T11:02:22","guid":{"rendered":"https:\/\/cabomayor.com\/buchungs-und-stornierungsbedingungen\/"},"modified":"2024-05-23T11:23:58","modified_gmt":"2024-05-23T11:23:58","slug":"buchungs-und-stornierungsbedingungen","status":"publish","type":"page","link":"https:\/\/cabomayor.com\/de\/buchungs-und-stornierungsbedingungen\/","title":{"rendered":"Buchungs- und Stornierungsbedingungen"},"content":{"rendered":"<section class=\"l-section wpb_row height_medium\"><div class=\"l-section-h i-cf\"><div class=\"g-cols vc_row via_grid cols_1 laptops-cols_inherit tablets-cols_inherit mobiles-cols_1 valign_top type_default stacking_default\"><div class=\"wpb_column vc_column_container\"><div class=\"vc_column-inner\"><h1 class=\"w-text us_custom_80034ad1 has_text_color\"><span class=\"w-text-h\"><span class=\"w-text-value\">Buchungs- und Stornierungsbedingungen<\/span><\/span><\/h1><div class=\"w-separator size_medium\"><\/div><div class=\"wpb_text_column\"><div class=\"wpb_wrapper\"><ol>\n<li>Buchungen k\u00f6nnen telefonisch unter +34 942 391 542 vorgenommen werden.<\/li>\n<li>Um eine Reservierung vorzunehmen, verlangt der Campingplatz eine Anzahlung in H\u00f6he des Gesamtbetrags des Aufenthalts per Bank\u00fcberweisung.<\/li>\n<li>Der Mindestaufenthalt in den Monaten Juli und August betr\u00e4gt 3 N\u00e4chte.<\/li>\n<li>Die Kaution wird von der Gesamtrechnung f\u00fcr Ihren Aufenthalt abgezogen.<\/li>\n<li>Bei einer Stornierung der Reservierung 30 Tage oder mehr im Voraus werden 50 % des als Anzahlung geleisteten Betrags einbehalten.<\/li>\n<li>Erfolgt die Stornierung weniger als 30 Tage im Voraus, betr\u00e4gt der Verlust 100% des als Anzahlung geleisteten Betrags. Bei Nichterscheinen am ersten Tag der Buchung wird die Buchung vollst\u00e4ndig storniert.<\/li>\n<li>Der Bungalow wird bei der Ankunft vom Campingplatz zugewiesen.<\/li>\n<li>Die Reservierung ist pers\u00f6nlich und nicht \u00fcbertragbar.<\/li>\n<li>Auch bei Abreise vor dem vereinbarten Abreisetag wird die Gesamtzahl der gebuchten Tage bezahlt.<\/li>\n<li>Die Belegung des Bungalows darf die zul\u00e4ssige H\u00f6chstzahl von Personen nicht \u00fcberschreiten.<\/li>\n<li>Haustiere jeglicher Art sind nicht zugelassen.<\/li>\n<li>Die Check-in-Zeit im Bungalow am Anreisetag ist ab 15:00 Uhr und die Check-out-Zeit am Tag der Beendigung des Aufenthalts ist bis 12:00 Uhr.<\/li>\n<\/ol>\n<\/div><\/div><\/div><\/div><\/div><\/div><\/section>\n","protected":false},"excerpt":{"rendered":"","protected":false},"author":1,"featured_media":0,"parent":0,"menu_order":0,"comment_status":"closed","ping_status":"closed","template":"","meta":{"_acf_changed":false,"footnotes":""},"class_list":["post-2788","page","type-page","status-publish","hentry"],"acf":[],"_links":{"self":[{"href":"https:\/\/cabomayor.com\/de\/wp-json\/wp\/v2\/pages\/2788","targetHints":{"allow":["GET"]}}],"collection":[{"href":"https:\/\/cabomayor.com\/de\/wp-json\/wp\/v2\/pages"}],"about":[{"href":"https:\/\/cabomayor.com\/de\/wp-json\/wp\/v2\/types\/page"}],"author":[{"embeddable":true,"href":"https:\/\/cabomayor.com\/de\/wp-json\/wp\/v2\/users\/1"}],"replies":[{"embeddable":true,"href":"https:\/\/cabomayor.com\/de\/wp-json\/wp\/v2\/comments?post=2788"}],"version-history":[{"count":3,"href":"https:\/\/cabomayor.com\/de\/wp-json\/wp\/v2\/pages\/2788\/revisions"}],"predecessor-version":[{"id":2807,"href":"https:\/\/cabomayor.com\/de\/wp-json\/wp\/v2\/pages\/2788\/revisions\/2807"}],"wp:attachment":[{"href":"https:\/\/cabomayor.com\/de\/wp-json\/wp\/v2\/media?parent=2788"}],"curies":[{"name":"wp","href":"https:\/\/api.w.org\/{rel}","templated":true}]}}