{"id":1541,"date":"2023-06-01T19:44:50","date_gmt":"2023-06-01T19:44:50","guid":{"rendered":"https:\/\/cabomayor.carlos-herrera.es\/bungalows-pour-quatre-personnes\/"},"modified":"2024-04-12T09:29:10","modified_gmt":"2024-04-12T09:29:10","slug":"bungalows-pour-quatre-personnes","status":"publish","type":"page","link":"https:\/\/cabomayor.com\/fr\/bungalows-pour-quatre-personnes\/","title":{"rendered":"Bungalows pour quatre personnes"},"content":{"rendered":"<section class=\"l-section wpb_row height_medium\"><div class=\"l-section-h i-cf\"><div class=\"g-cols vc_row via_grid cols_1 laptops-cols_inherit tablets-cols_inherit mobiles-cols_1 valign_top type_default stacking_default\"><div class=\"wpb_column vc_column_container us_custom_fdcab3db\"><div class=\"vc_column-inner\"><div class=\"w-separator size_custom with_line width_50 thick_1 style_solid color_primary align_center\" style=\"height:\"><div class=\"w-separator-h\"><\/div><\/div><h1 class=\"w-text us_custom_3ec4435b has_text_color\"><span class=\"w-text-h\"><span class=\"w-text-value\">Bungalows pour 4 personnes<\/span><\/span><\/h1><div class=\"w-separator size_custom with_line width_50 thick_1 style_solid color_primary align_center\" style=\"height:\"><div class=\"w-separator-h\"><\/div><\/div><div class=\"w-separator size_medium\"><\/div><div class=\"wpb_text_column us_custom_c167d60f has_text_color\"><div class=\"wpb_wrapper\"><p>Nos bungalows pour 4 personnes disposent de deux chambres \u00e0 coucher, d&rsquo;une cuisine-salle \u00e0 manger, d&rsquo;une salle de bains avec douche et d&rsquo;un porche meubl\u00e9. Elles sont \u00e9quip\u00e9es d&rsquo;ustensiles de cuisine et de linge de lit (serviettes non comprises).<\/p>\n<\/div><\/div><div class=\"w-separator us_custom_0014c953 size_large\"><\/div><div class=\"w-grid us_custom_7a1552a7 type_grid layout_429 cols_3\" id=\"us_grid_1\" style=\"--gap:1.5rem;\" data-filterable=\"true\"><style>@media (max-width:1024px){#us_grid_1 .w-grid-item{width:50%}}@media (max-width:600px){#us_grid_1 .w-grid-list{margin:0}#us_grid_1 .w-grid-item{width:100%;padding:0;margin-bottom:var(--gap,0px)}}.layout_429 .w-grid-item-h{}.layout_429 .usg_post_image_1{border-radius:8px!important}.layout_429 .usg_post_title_1{color:#004449!important;font-size:18px!important;font-family:Figtree!important;margin-top:10px!important;border-radius:8px!important;border:1px solid #004449!important}@media (min-width:1025px) and (max-width:1380px){.layout_429 .usg_post_image_1{border-radius:8px!important}.layout_429 .usg_post_title_1{color:#004449!important;font-size:18px!important;font-family:Figtree!important;margin-top:10px!important;border-radius:8px!important;border:1px solid #004449!important}}@media (min-width:601px) and (max-width:1024px){.layout_429 .usg_post_image_1{border-radius:8px!important}.layout_429 .usg_post_title_1{color:#004449!important;font-size:18px!important;font-family:Figtree!important;margin-top:10px!important;border-radius:8px!important;border:1px solid #004449!important}}@media (max-width:600px){.layout_429 .usg_post_image_1{border-radius:8px!important}.layout_429 .usg_post_title_1{color:#004449!important;font-size:18px!important;font-family:Figtree!important;margin-top:10px!important;border-radius:8px!important;border:1px solid #004449!important}}<\/style><div class=\"w-grid-list\">\t<article class=\"w-grid-item size_1x1 post-2752 bungalow type-bungalow status-publish has-post-thumbnail hentry tipo_de_bungalow-cuatro-personas\" data-id=\"2752\">\r\n\t\t<div class=\"w-grid-item-h\">\r\n\t\t\t\t\t\t<div class=\"w-post-elm post_image usg_post_image_1 stretched\"><a href=\"https:\/\/cabomayor.com\/fr\/bungalow\/bungalow-pour-4-personnes-standard\/\" aria-label=\"Bungalow pour 4 personnes (Standard)\"><img loading=\"lazy\" decoding=\"async\" width=\"1024\" height=\"768\" src=\"https:\/\/cabomayor.com\/wp-content\/uploads\/2024\/04\/PHOTO-2024-04-05-12-51-58-2-1-1024x768.jpg\" class=\"attachment-large size-large wp-post-image\" alt=\"\" srcset=\"https:\/\/cabomayor.com\/wp-content\/uploads\/2024\/04\/PHOTO-2024-04-05-12-51-58-2-1-1024x768.jpg 1024w, https:\/\/cabomayor.com\/wp-content\/uploads\/2024\/04\/PHOTO-2024-04-05-12-51-58-2-1-300x225.jpg 300w, https:\/\/cabomayor.com\/wp-content\/uploads\/2024\/04\/PHOTO-2024-04-05-12-51-58-2-1.jpg 1600w\" sizes=\"auto, (max-width: 1024px) 100vw, 1024px\" \/><\/a><\/div><h2 class=\"w-post-elm post_title usg_post_title_1 has_text_color align_center entry-title color_link_inherit\"><a href=\"https:\/\/cabomayor.com\/fr\/bungalow\/bungalow-pour-4-personnes-standard\/\">Bungalow pour 4 personnes (Standard)<\/a><\/h2>\t\t<\/div>\r\n\t<\/article>\r\n\t<article class=\"w-grid-item size_1x1 post-2753 bungalow type-bungalow status-publish has-post-thumbnail hentry tipo_de_bungalow-cuatro-personas\" data-id=\"2753\">\r\n\t\t<div class=\"w-grid-item-h\">\r\n\t\t\t\t\t\t<div class=\"w-post-elm post_image usg_post_image_1 stretched\"><a href=\"https:\/\/cabomayor.com\/fr\/bungalow\/bungalow-pour-4-personnes-standard-2\/\" aria-label=\"Bungalow pour 4 personnes (Standard)\"><img loading=\"lazy\" decoding=\"async\" width=\"1024\" height=\"683\" src=\"https:\/\/cabomayor.com\/wp-content\/uploads\/2024\/04\/017-copia-1024x683.jpg\" class=\"attachment-large size-large wp-post-image\" alt=\"\" srcset=\"https:\/\/cabomayor.com\/wp-content\/uploads\/2024\/04\/017-copia-1024x683.jpg 1024w, https:\/\/cabomayor.com\/wp-content\/uploads\/2024\/04\/017-copia-300x200.jpg 300w\" sizes=\"auto, (max-width: 1024px) 100vw, 1024px\" \/><\/a><\/div><h2 class=\"w-post-elm post_title usg_post_title_1 has_text_color align_center entry-title color_link_inherit\"><a href=\"https:\/\/cabomayor.com\/fr\/bungalow\/bungalow-pour-4-personnes-standard-2\/\">Bungalow pour 4 personnes (Standard)<\/a><\/h2>\t\t<\/div>\r\n\t<\/article>\r\n\t<article class=\"w-grid-item size_1x1 post-2757 bungalow type-bungalow status-publish has-post-thumbnail hentry tipo_de_bungalow-cuatro-personas\" data-id=\"2757\">\r\n\t\t<div class=\"w-grid-item-h\">\r\n\t\t\t\t\t\t<div class=\"w-post-elm post_image usg_post_image_1 stretched\"><a href=\"https:\/\/cabomayor.com\/fr\/bungalow\/bungalow-pour-4-personnes-standard-3-2\/\" aria-label=\"Bungalow pour 4 personnes (Standard)\"><img loading=\"lazy\" decoding=\"async\" width=\"1024\" height=\"683\" src=\"https:\/\/cabomayor.com\/wp-content\/uploads\/2024\/04\/IMG_0169-1024x683.jpg\" class=\"attachment-large size-large wp-post-image\" alt=\"\" srcset=\"https:\/\/cabomayor.com\/wp-content\/uploads\/2024\/04\/IMG_0169-1024x683.jpg 1024w, https:\/\/cabomayor.com\/wp-content\/uploads\/2024\/04\/IMG_0169-300x200.jpg 300w\" sizes=\"auto, (max-width: 1024px) 100vw, 1024px\" \/><\/a><\/div><h2 class=\"w-post-elm post_title usg_post_title_1 has_text_color align_center entry-title color_link_inherit\"><a href=\"https:\/\/cabomayor.com\/fr\/bungalow\/bungalow-pour-4-personnes-standard-3-2\/\">Bungalow pour 4 personnes (Standard)<\/a><\/h2>\t\t<\/div>\r\n\t<\/article>\r\n\t<article class=\"w-grid-item size_1x1 post-2758 bungalow type-bungalow status-publish has-post-thumbnail hentry tipo_de_bungalow-cuatro-personas\" data-id=\"2758\">\r\n\t\t<div class=\"w-grid-item-h\">\r\n\t\t\t\t\t\t<div class=\"w-post-elm post_image usg_post_image_1 stretched\"><a href=\"https:\/\/cabomayor.com\/fr\/bungalow\/bungalow-pour-4-personnes-standard-3\/\" aria-label=\"Bungalow pour 4 personnes (Standard)\"><img loading=\"lazy\" decoding=\"async\" width=\"1024\" height=\"768\" src=\"https:\/\/cabomayor.com\/wp-content\/uploads\/2024\/04\/PHOTO-2024-04-05-12-51-58-7-1024x768.jpg\" class=\"attachment-large size-large wp-post-image\" alt=\"\" srcset=\"https:\/\/cabomayor.com\/wp-content\/uploads\/2024\/04\/PHOTO-2024-04-05-12-51-58-7-1024x768.jpg 1024w, https:\/\/cabomayor.com\/wp-content\/uploads\/2024\/04\/PHOTO-2024-04-05-12-51-58-7-300x225.jpg 300w, https:\/\/cabomayor.com\/wp-content\/uploads\/2024\/04\/PHOTO-2024-04-05-12-51-58-7.jpg 1600w\" sizes=\"auto, (max-width: 1024px) 100vw, 1024px\" \/><\/a><\/div><h2 class=\"w-post-elm post_title usg_post_title_1 has_text_color align_center entry-title color_link_inherit\"><a href=\"https:\/\/cabomayor.com\/fr\/bungalow\/bungalow-pour-4-personnes-standard-3\/\">Bungalow pour 4 personnes (Standard)<\/a><\/h2>\t\t<\/div>\r\n\t<\/article>\r\n\t<article class=\"w-grid-item size_1x1 post-2761 bungalow type-bungalow status-publish has-post-thumbnail hentry tipo_de_bungalow-cuatro-personas\" data-id=\"2761\">\r\n\t\t<div class=\"w-grid-item-h\">\r\n\t\t\t\t\t\t<div class=\"w-post-elm post_image usg_post_image_1 stretched\"><a href=\"https:\/\/cabomayor.com\/fr\/bungalow\/bungalow-pour-4-personnes-standard-4\/\" aria-label=\"Bungalow pour 4 personnes (Standard)\"><img loading=\"lazy\" decoding=\"async\" width=\"1024\" height=\"768\" src=\"https:\/\/cabomayor.com\/wp-content\/uploads\/2024\/04\/PHOTO-2024-04-05-12-51-58-4-1-1024x768.jpg\" class=\"attachment-large size-large wp-post-image\" alt=\"\" srcset=\"https:\/\/cabomayor.com\/wp-content\/uploads\/2024\/04\/PHOTO-2024-04-05-12-51-58-4-1-1024x768.jpg 1024w, https:\/\/cabomayor.com\/wp-content\/uploads\/2024\/04\/PHOTO-2024-04-05-12-51-58-4-1-300x225.jpg 300w, https:\/\/cabomayor.com\/wp-content\/uploads\/2024\/04\/PHOTO-2024-04-05-12-51-58-4-1.jpg 1600w\" sizes=\"auto, (max-width: 1024px) 100vw, 1024px\" \/><\/a><\/div><h2 class=\"w-post-elm post_title usg_post_title_1 has_text_color align_center entry-title color_link_inherit\"><a href=\"https:\/\/cabomayor.com\/fr\/bungalow\/bungalow-pour-4-personnes-standard-4\/\">Bungalow pour 4 personnes (Standard)<\/a><\/h2>\t\t<\/div>\r\n\t<\/article>\r\n\t<article class=\"w-grid-item size_1x1 post-2766 bungalow type-bungalow status-publish has-post-thumbnail hentry tipo_de_bungalow-cuatro-personas\" data-id=\"2766\">\r\n\t\t<div class=\"w-grid-item-h\">\r\n\t\t\t\t\t\t<div class=\"w-post-elm post_image usg_post_image_1 stretched\"><a href=\"https:\/\/cabomayor.com\/fr\/bungalow\/bungalow-pour-4-personnes-standard-5\/\" aria-label=\"Bungalow pour 4 personnes (Standard)\"><img loading=\"lazy\" decoding=\"async\" width=\"1024\" height=\"683\" src=\"https:\/\/cabomayor.com\/wp-content\/uploads\/2024\/04\/IMG_0167-1024x683.jpg\" class=\"attachment-large size-large wp-post-image\" alt=\"\" srcset=\"https:\/\/cabomayor.com\/wp-content\/uploads\/2024\/04\/IMG_0167-1024x683.jpg 1024w, https:\/\/cabomayor.com\/wp-content\/uploads\/2024\/04\/IMG_0167-300x200.jpg 300w\" sizes=\"auto, (max-width: 1024px) 100vw, 1024px\" \/><\/a><\/div><h2 class=\"w-post-elm post_title usg_post_title_1 has_text_color align_center entry-title color_link_inherit\"><a href=\"https:\/\/cabomayor.com\/fr\/bungalow\/bungalow-pour-4-personnes-standard-5\/\">Bungalow pour 4 personnes (Standard)<\/a><\/h2>\t\t<\/div>\r\n\t<\/article>\r\n\t<article class=\"w-grid-item size_1x1 post-2780 bungalow type-bungalow status-publish has-post-thumbnail hentry tipo_de_bungalow-cuatro-personas\" data-id=\"2780\">\r\n\t\t<div class=\"w-grid-item-h\">\r\n\t\t\t\t\t\t<div class=\"w-post-elm post_image usg_post_image_1 stretched\"><a href=\"https:\/\/cabomayor.com\/fr\/bungalow\/bungalow-pour-4-personnes-economie-3\/\" aria-label=\"Bungalow pour 4 personnes (Economie)\"><img loading=\"lazy\" decoding=\"async\" width=\"1024\" height=\"683\" src=\"https:\/\/cabomayor.com\/wp-content\/uploads\/2023\/06\/IMG_0199-1024x683.jpg\" class=\"attachment-large size-large wp-post-image\" alt=\"\" srcset=\"https:\/\/cabomayor.com\/wp-content\/uploads\/2023\/06\/IMG_0199-1024x683.jpg 1024w, https:\/\/cabomayor.com\/wp-content\/uploads\/2023\/06\/IMG_0199-300x200.jpg 300w\" sizes=\"auto, (max-width: 1024px) 100vw, 1024px\" \/><\/a><\/div><h2 class=\"w-post-elm post_title usg_post_title_1 has_text_color align_center entry-title color_link_inherit\"><a href=\"https:\/\/cabomayor.com\/fr\/bungalow\/bungalow-pour-4-personnes-economie-3\/\">Bungalow pour 4 personnes (Economie)<\/a><\/h2>\t\t<\/div>\r\n\t<\/article>\r\n\t<article class=\"w-grid-item size_1x1 post-2772 bungalow type-bungalow status-publish has-post-thumbnail hentry tipo_de_bungalow-cuatro-personas\" data-id=\"2772\">\r\n\t\t<div class=\"w-grid-item-h\">\r\n\t\t\t\t\t\t<div class=\"w-post-elm post_image usg_post_image_1 stretched\"><a href=\"https:\/\/cabomayor.com\/fr\/bungalow\/bungalow-pour-4-personnes-economie\/\" aria-label=\"Bungalow pour 4 personnes (Economie)\"><img loading=\"lazy\" decoding=\"async\" width=\"1024\" height=\"683\" src=\"https:\/\/cabomayor.com\/wp-content\/uploads\/2023\/06\/IMG_0203-1-1024x683.jpg\" class=\"attachment-large size-large wp-post-image\" alt=\"\" srcset=\"https:\/\/cabomayor.com\/wp-content\/uploads\/2023\/06\/IMG_0203-1-1024x683.jpg 1024w, https:\/\/cabomayor.com\/wp-content\/uploads\/2023\/06\/IMG_0203-1-300x200.jpg 300w\" sizes=\"auto, (max-width: 1024px) 100vw, 1024px\" \/><\/a><\/div><h2 class=\"w-post-elm post_title usg_post_title_1 has_text_color align_center entry-title color_link_inherit\"><a href=\"https:\/\/cabomayor.com\/fr\/bungalow\/bungalow-pour-4-personnes-economie\/\">Bungalow pour 4 personnes (Economie)<\/a><\/h2>\t\t<\/div>\r\n\t<\/article>\r\n\t<article class=\"w-grid-item size_1x1 post-2774 bungalow type-bungalow status-publish has-post-thumbnail hentry tipo_de_bungalow-cuatro-personas\" data-id=\"2774\">\r\n\t\t<div class=\"w-grid-item-h\">\r\n\t\t\t\t\t\t<div class=\"w-post-elm post_image usg_post_image_1 stretched\"><a href=\"https:\/\/cabomayor.com\/fr\/bungalow\/bungalow-pour-4-personnes-economie-2\/\" aria-label=\"Bungalow pour 4 personnes (Economie)\"><img loading=\"lazy\" decoding=\"async\" width=\"762\" height=\"520\" src=\"https:\/\/cabomayor.com\/wp-content\/uploads\/2024\/04\/PHOTO-2024-04-05-12-53-18.jpeg\" class=\"attachment-large size-large wp-post-image\" alt=\"\" srcset=\"https:\/\/cabomayor.com\/wp-content\/uploads\/2024\/04\/PHOTO-2024-04-05-12-53-18.jpeg 762w, https:\/\/cabomayor.com\/wp-content\/uploads\/2024\/04\/PHOTO-2024-04-05-12-53-18-300x205.jpeg 300w\" sizes=\"auto, (max-width: 762px) 100vw, 762px\" \/><\/a><\/div><h2 class=\"w-post-elm post_title usg_post_title_1 has_text_color align_center entry-title color_link_inherit\"><a href=\"https:\/\/cabomayor.com\/fr\/bungalow\/bungalow-pour-4-personnes-economie-2\/\">Bungalow pour 4 personnes (Economie)<\/a><\/h2>\t\t<\/div>\r\n\t<\/article>\r\n\t<article class=\"w-grid-item size_1x1 post-2781 bungalow type-bungalow status-publish has-post-thumbnail hentry tipo_de_bungalow-cuatro-personas\" data-id=\"2781\">\r\n\t\t<div class=\"w-grid-item-h\">\r\n\t\t\t\t\t\t<div class=\"w-post-elm post_image usg_post_image_1 stretched\"><a href=\"https:\/\/cabomayor.com\/fr\/bungalow\/bungalow-pour-4-personnes-premium-3\/\" aria-label=\"Bungalow pour 4 personnes (Premium)\"><img loading=\"lazy\" decoding=\"async\" width=\"1024\" height=\"576\" src=\"https:\/\/cabomayor.com\/wp-content\/uploads\/2024\/04\/PHOTO-2023-06-07-13-23-52-1024x576.jpg\" class=\"attachment-large size-large wp-post-image\" alt=\"\" srcset=\"https:\/\/cabomayor.com\/wp-content\/uploads\/2024\/04\/PHOTO-2023-06-07-13-23-52-1024x576.jpg 1024w, https:\/\/cabomayor.com\/wp-content\/uploads\/2024\/04\/PHOTO-2023-06-07-13-23-52-300x169.jpg 300w, https:\/\/cabomayor.com\/wp-content\/uploads\/2024\/04\/PHOTO-2023-06-07-13-23-52.jpg 2048w\" sizes=\"auto, (max-width: 1024px) 100vw, 1024px\" \/><\/a><\/div><h2 class=\"w-post-elm post_title usg_post_title_1 has_text_color align_center entry-title color_link_inherit\"><a href=\"https:\/\/cabomayor.com\/fr\/bungalow\/bungalow-pour-4-personnes-premium-3\/\">Bungalow pour 4 personnes (Premium)<\/a><\/h2>\t\t<\/div>\r\n\t<\/article>\r\n<\/div><div class=\"w-grid-preloader\">\t<div class=\"g-preloader type_1\">\r\n\t\t<div><\/div>\r\n\t<\/div>\r\n\t<\/div>\t<div class=\"w-grid-json hidden\" onclick='return {&quot;action&quot;:&quot;us_ajax_grid&quot;,&quot;ajax_url&quot;:&quot;https:\\\/\\\/cabomayor.com\\\/wp-admin\\\/admin-ajax.php&quot;,&quot;infinite_scroll&quot;:0,&quot;max_num_pages&quot;:2,&quot;pagination&quot;:&quot;none&quot;,&quot;template_vars&quot;:{&quot;columns&quot;:&quot;3&quot;,&quot;exclude_items&quot;:&quot;none&quot;,&quot;img_size&quot;:&quot;default&quot;,&quot;ignore_items_size&quot;:0,&quot;items_layout&quot;:&quot;429&quot;,&quot;items_offset&quot;:&quot;1&quot;,&quot;load_animation&quot;:&quot;none&quot;,&quot;overriding_link&quot;:&quot;{\\&quot;url\\&quot;:\\&quot;\\&quot;}&quot;,&quot;post_id&quot;:0,&quot;query_args&quot;:{&quot;post_type&quot;:[&quot;bungalow&quot;],&quot;tax_query&quot;:[{&quot;taxonomy&quot;:&quot;tipo_de_bungalow&quot;,&quot;field&quot;:&quot;slug&quot;,&quot;terms&quot;:[&quot;cuatro-personas&quot;]}],&quot;post_status&quot;:[&quot;publish&quot;,&quot;acf-disabled&quot;],&quot;posts_per_page&quot;:&quot;10&quot;},&quot;orderby_query_args&quot;:{&quot;orderby&quot;:{&quot;date&quot;:&quot;ASC&quot;}},&quot;type&quot;:&quot;grid&quot;,&quot;us_grid_ajax_index&quot;:1,&quot;us_grid_filter_params&quot;:[],&quot;us_grid_index&quot;:1,&quot;_us_grid_post_type&quot;:&quot;bungalow&quot;,&quot;page_args&quot;:[],&quot;lang&quot;:&quot;fr&quot;}}'><\/div>\r\n\t<\/div><div class=\"w-separator us_custom_7a1552a7 size_large\"><\/div><div class=\"w-hwrapper valign_top wrap align_center\"><div class=\"w-popup us_custom_3800a752 w-btn-wrapper align_center\"><button aria-label=\"Politique de r\u00e9servation et d&#039;annulation\" class=\"w-popup-trigger type_btn w-btn us-btn-style_4 icon_atleft\"><i class=\"fas fa-scroll\"><\/i><span class=\"w-btn-label\">Politique de r\u00e9servation et d&#039;annulation<\/span><\/button><div class=\"w-popup-overlay\" style=\"background:rgba(0,0,0,0.85);\"><\/div><div class=\"w-popup-wrap layout_default\" style=\"--title-color:var(--color-content-heading);--title-bg-color:var(--color-header-middle-bg);--content-color:var(--color-content-text);--content-bg-color:var(--color-content-bg);--popup-border-radius:8px;--popup-width:75%;--popup-padding:3%;\"><div class=\"w-popup-box animation_fadeIn closerpos_outside with_title\"><div class=\"w-popup-box-h\"><div class=\"w-popup-box-title\">Politique de r\u00e9servation et d&#039;annulation<\/div><div class=\"w-popup-box-content\"><ol style=\"font-family: Figtree;\">\n<li>Les r\u00e9servations peuvent \u00eatre effectu\u00e9es par t\u00e9l\u00e9phone au +34 942 391 542.<\/li>\n<li>Pour effectuer une r\u00e9servation, le camping demandera un acompte du montant total du s\u00e9jour, par virement bancaire.<\/li>\n<li>Le s\u00e9jour minimum requis pendant les mois de juillet et ao\u00fbt est de 3 nuits.<\/li>\n<li>La caution sera d\u00e9duite du montant total de la facture de votre s\u00e9jour.<\/li>\n<li>L&rsquo;annulation de la r\u00e9servation 30 jours ou plus \u00e0 l&rsquo;avance entra\u00eenera la perte de 50 % du montant vers\u00e9 \u00e0 titre d&rsquo;acompte.<\/li>\n<li>Si l&rsquo;annulation est faite moins de 30 jours \u00e0 l&rsquo;avance, la perte sera de 100 % du montant vers\u00e9 \u00e0 titre d&rsquo;acompte. La non-pr\u00e9sentation le premier jour de la r\u00e9servation entra\u00eene l&rsquo;annulation totale de la r\u00e9servation.<\/li>\n<li>Le bungalow sera attribu\u00e9 par le camping \u00e0 l&rsquo;arriv\u00e9e.<\/li>\n<li>La r\u00e9servation est personnelle et incessible.<\/li>\n<li>Le nombre total de jours r\u00e9serv\u00e9s sera pay\u00e9, m\u00eame en cas de d\u00e9part avant le jour de d\u00e9part convenu.<\/li>\n<li>L&rsquo;occupation du bungalow ne peut jamais d\u00e9passer le nombre maximum de personnes autoris\u00e9.<\/li>\n<li>Les animaux domestiques, quels qu&rsquo;ils soient, ne sont pas admis.<\/li>\n<li>L&rsquo;heure d&rsquo;arriv\u00e9e au bungalow le jour de l&rsquo;arriv\u00e9e est \u00e0 partir de 15h00 et l&rsquo;heure de d\u00e9part le jour de la fin du s\u00e9jour est jusqu&rsquo;\u00e0 12h00.<\/li>\n<\/ol>\n<\/div><\/div><\/div><div class=\"w-popup-closer\"><\/div><\/div><\/div><div class=\"w-popup w-btn-wrapper align_center\"><button aria-label=\"Demande de disponibilit\u00e9\" class=\"w-popup-trigger type_btn w-btn us-btn-style_4 icon_atleft\"><i class=\"fas fa-check-square\"><\/i><span class=\"w-btn-label\">Demande de disponibilit\u00e9<\/span><\/button><div class=\"w-popup-overlay\" style=\"background:rgba(0,0,0,0.85);\"><\/div><div class=\"w-popup-wrap layout_default\" style=\"--title-color:var(--color-content-heading);--title-bg-color:var(--color-header-middle-bg);--content-color:var(--color-content-text);--content-bg-color:var(--color-content-bg);--popup-border-radius:8px;--popup-width:650px;--popup-padding:5%;\"><div class=\"w-popup-box animation_fadeIn closerpos_outside with_title\"><div class=\"w-popup-box-h\"><div class=\"w-popup-box-title\">Demande de disponibilit\u00e9<\/div><div class=\"w-popup-box-content\"><p>\n<div class=\"wpcf7 no-js\" id=\"wpcf7-f440-o1\" lang=\"es-ES\" dir=\"ltr\" data-wpcf7-id=\"440\">\n<div class=\"screen-reader-response\"><p role=\"status\" aria-live=\"polite\" aria-atomic=\"true\"><\/p> <ul><\/ul><\/div>\n<form action=\"\/fr\/wp-json\/wp\/v2\/pages\/1541#wpcf7-f440-o1\" method=\"post\" class=\"wpcf7-form init\" aria-label=\"Formulario de contacto\" novalidate=\"novalidate\" data-status=\"init\">\n<fieldset class=\"hidden-fields-container\"><input type=\"hidden\" name=\"_wpcf7\" value=\"440\" \/><input type=\"hidden\" name=\"_wpcf7_version\" value=\"6.1.4\" \/><input type=\"hidden\" name=\"_wpcf7_locale\" value=\"es_ES\" \/><input type=\"hidden\" name=\"_wpcf7_unit_tag\" value=\"wpcf7-f440-o1\" \/><input type=\"hidden\" name=\"_wpcf7_container_post\" value=\"0\" \/><input type=\"hidden\" name=\"_wpcf7_posted_data_hash\" value=\"\" \/>\n<\/fieldset>\n<p><span class=\"wpcf7-form-control-wrap\" data-name=\"your-name\"><input size=\"40\" maxlength=\"400\" class=\"wpcf7-form-control wpcf7-text wpcf7-validates-as-required\" autocomplete=\"name\" aria-required=\"true\" aria-invalid=\"false\" placeholder=\"Nombre\" value=\"\" type=\"text\" name=\"your-name\" \/><\/span><br \/>\n<span class=\"wpcf7-form-control-wrap\" data-name=\"your-email\"><input size=\"40\" maxlength=\"400\" class=\"wpcf7-form-control wpcf7-email wpcf7-validates-as-required wpcf7-text wpcf7-validates-as-email\" autocomplete=\"email\" aria-required=\"true\" aria-invalid=\"false\" placeholder=\"Email\" value=\"\" type=\"email\" name=\"your-email\" \/><\/span><br \/>\n<span class=\"wpcf7-form-control-wrap\" data-name=\"telefono\"><input size=\"40\" maxlength=\"400\" class=\"wpcf7-form-control wpcf7-tel wpcf7-text wpcf7-validates-as-tel\" aria-invalid=\"false\" placeholder=\"Tel\u00e9fono\" value=\"\" type=\"tel\" name=\"telefono\" \/><\/span><br \/>\n<span class=\"wpcf7-form-control-wrap\" data-name=\"Tipodebungalow\"><select class=\"wpcf7-form-control wpcf7-select wpcf7-validates-as-required\" aria-required=\"true\" aria-invalid=\"false\" name=\"Tipodebungalow\"><option value=\"\">Tipo de bungalow<\/option><option value=\"Dos personas\">Dos personas<\/option><option value=\"Cuatro personas\">Cuatro personas<\/option><\/select><\/span><br \/>\n<span>Fecha de ingreso: <\/span><span class=\"wpcf7-form-control-wrap\" data-name=\"Fechadeingreso\"><input class=\"wpcf7-form-control wpcf7-date wpcf7-validates-as-required wpcf7-validates-as-date\" aria-required=\"true\" aria-invalid=\"false\" value=\"\" type=\"date\" name=\"Fechadeingreso\" \/><\/span><br \/>\n<span> Fecha de salida: <\/span><span class=\"wpcf7-form-control-wrap\" data-name=\"Fechadesalida\"><input class=\"wpcf7-form-control wpcf7-date wpcf7-validates-as-required wpcf7-validates-as-date\" aria-required=\"true\" aria-invalid=\"false\" value=\"\" type=\"date\" name=\"Fechadesalida\" \/><\/span><br \/>\n<span class=\"wpcf7-form-control-wrap\" data-name=\"Mensaje\"><textarea cols=\"40\" rows=\"10\" maxlength=\"2000\" class=\"wpcf7-form-control wpcf7-textarea\" aria-invalid=\"false\" placeholder=\"Mensaje\" name=\"Mensaje\"><\/textarea><\/span>\n<\/p>\n<p><input class=\"wpcf7-form-control wpcf7-submit has-spinner\" type=\"submit\" value=\"Enviar\" \/>\n<\/p><p style=\"display: none !important;\" class=\"akismet-fields-container\" data-prefix=\"_wpcf7_ak_\"><label>&#916;<textarea name=\"_wpcf7_ak_hp_textarea\" cols=\"45\" rows=\"8\" maxlength=\"100\"><\/textarea><\/label><input type=\"hidden\" id=\"ak_js_1\" name=\"_wpcf7_ak_js\" value=\"176\"\/><script>document.getElementById( \"ak_js_1\" ).setAttribute( \"value\", ( new Date() ).getTime() );<\/script><\/p><div class=\"wpcf7-response-output\" aria-hidden=\"true\"><\/div>\n<\/form>\n<\/div>\n<\/p>\n<\/div><\/div><\/div><div class=\"w-popup-closer\"><\/div><\/div><\/div><\/div><div class=\"w-separator size_huge\"><\/div><\/div><\/div><\/div><\/div><\/section>\n","protected":false},"excerpt":{"rendered":"","protected":false},"author":1,"featured_media":0,"parent":0,"menu_order":0,"comment_status":"closed","ping_status":"closed","template":"","meta":{"_acf_changed":false,"footnotes":""},"class_list":["post-1541","page","type-page","status-publish","hentry"],"acf":[],"_links":{"self":[{"href":"https:\/\/cabomayor.com\/fr\/wp-json\/wp\/v2\/pages\/1541","targetHints":{"allow":["GET"]}}],"collection":[{"href":"https:\/\/cabomayor.com\/fr\/wp-json\/wp\/v2\/pages"}],"about":[{"href":"https:\/\/cabomayor.com\/fr\/wp-json\/wp\/v2\/types\/page"}],"author":[{"embeddable":true,"href":"https:\/\/cabomayor.com\/fr\/wp-json\/wp\/v2\/users\/1"}],"replies":[{"embeddable":true,"href":"https:\/\/cabomayor.com\/fr\/wp-json\/wp\/v2\/comments?post=1541"}],"version-history":[{"count":56,"href":"https:\/\/cabomayor.com\/fr\/wp-json\/wp\/v2\/pages\/1541\/revisions"}],"predecessor-version":[{"id":2630,"href":"https:\/\/cabomayor.com\/fr\/wp-json\/wp\/v2\/pages\/1541\/revisions\/2630"}],"wp:attachment":[{"href":"https:\/\/cabomayor.com\/fr\/wp-json\/wp\/v2\/media?parent=1541"}],"curies":[{"name":"wp","href":"https:\/\/api.w.org\/{rel}","templated":true}]}}