{"id":2787,"date":"2024-05-23T11:02:22","date_gmt":"2024-05-23T11:02:22","guid":{"rendered":"https:\/\/cabomayor.com\/politique-de-reservation-et-dannulation\/"},"modified":"2024-05-23T11:23:58","modified_gmt":"2024-05-23T11:23:58","slug":"politique-de-reservation-et-dannulation","status":"publish","type":"page","link":"https:\/\/cabomayor.com\/fr\/politique-de-reservation-et-dannulation\/","title":{"rendered":"Politique de r\u00e9servation et d&rsquo;annulation"},"content":{"rendered":"<section class=\"l-section wpb_row height_medium\"><div class=\"l-section-h i-cf\"><div class=\"g-cols vc_row via_grid cols_1 laptops-cols_inherit tablets-cols_inherit mobiles-cols_1 valign_top type_default stacking_default\"><div class=\"wpb_column vc_column_container\"><div class=\"vc_column-inner\"><h1 class=\"w-text us_custom_80034ad1 has_text_color\"><span class=\"w-text-h\"><span class=\"w-text-value\">Politique de r\u00e9servation et d&#039;annulation<\/span><\/span><\/h1><div class=\"w-separator size_medium\"><\/div><div class=\"wpb_text_column\"><div class=\"wpb_wrapper\"><ol>\n<li>Les r\u00e9servations peuvent \u00eatre effectu\u00e9es par t\u00e9l\u00e9phone au +34 942 391 542.<\/li>\n<li>Pour effectuer une r\u00e9servation, le camping demandera un acompte du montant total du s\u00e9jour, par virement bancaire.<\/li>\n<li>Le s\u00e9jour minimum requis pendant les mois de juillet et ao\u00fbt est de 3 nuits.<\/li>\n<li>La caution sera d\u00e9duite du montant total de la facture de votre s\u00e9jour.<\/li>\n<li>L&rsquo;annulation de la r\u00e9servation 30 jours ou plus \u00e0 l&rsquo;avance entra\u00eenera la perte de 50 % du montant vers\u00e9 \u00e0 titre d&rsquo;acompte.<\/li>\n<li>Si l&rsquo;annulation est faite moins de 30 jours \u00e0 l&rsquo;avance, la perte sera de 100 % du montant vers\u00e9 \u00e0 titre d&rsquo;acompte. La non-pr\u00e9sentation le premier jour de la r\u00e9servation entra\u00eene l&rsquo;annulation totale de la r\u00e9servation.<\/li>\n<li>Le bungalow sera attribu\u00e9 par le camping \u00e0 l&rsquo;arriv\u00e9e.<\/li>\n<li>La r\u00e9servation est personnelle et incessible.<\/li>\n<li>Le nombre total de jours r\u00e9serv\u00e9s sera pay\u00e9, m\u00eame en cas de d\u00e9part avant le jour de d\u00e9part convenu.<\/li>\n<li>L&rsquo;occupation du bungalow ne peut jamais d\u00e9passer le nombre maximum de personnes autoris\u00e9.<\/li>\n<li>Les animaux domestiques, quels qu&rsquo;ils soient, ne sont pas admis.<\/li>\n<li>L&rsquo;heure d&rsquo;arriv\u00e9e au bungalow le jour de l&rsquo;arriv\u00e9e est \u00e0 partir de 15h00 et l&rsquo;heure de d\u00e9part le jour de la fin du s\u00e9jour est jusqu&rsquo;\u00e0 12h00.<\/li>\n<\/ol>\n<\/div><\/div><\/div><\/div><\/div><\/div><\/section>\n","protected":false},"excerpt":{"rendered":"","protected":false},"author":1,"featured_media":0,"parent":0,"menu_order":0,"comment_status":"closed","ping_status":"closed","template":"","meta":{"_acf_changed":false,"footnotes":""},"class_list":["post-2787","page","type-page","status-publish","hentry"],"acf":[],"_links":{"self":[{"href":"https:\/\/cabomayor.com\/fr\/wp-json\/wp\/v2\/pages\/2787","targetHints":{"allow":["GET"]}}],"collection":[{"href":"https:\/\/cabomayor.com\/fr\/wp-json\/wp\/v2\/pages"}],"about":[{"href":"https:\/\/cabomayor.com\/fr\/wp-json\/wp\/v2\/types\/page"}],"author":[{"embeddable":true,"href":"https:\/\/cabomayor.com\/fr\/wp-json\/wp\/v2\/users\/1"}],"replies":[{"embeddable":true,"href":"https:\/\/cabomayor.com\/fr\/wp-json\/wp\/v2\/comments?post=2787"}],"version-history":[{"count":5,"href":"https:\/\/cabomayor.com\/fr\/wp-json\/wp\/v2\/pages\/2787\/revisions"}],"predecessor-version":[{"id":2806,"href":"https:\/\/cabomayor.com\/fr\/wp-json\/wp\/v2\/pages\/2787\/revisions\/2806"}],"wp:attachment":[{"href":"https:\/\/cabomayor.com\/fr\/wp-json\/wp\/v2\/media?parent=2787"}],"curies":[{"name":"wp","href":"https:\/\/api.w.org\/{rel}","templated":true}]}}